{"id":92,"date":"2023-09-26T20:07:09","date_gmt":"2023-09-26T20:07:09","guid":{"rendered":"https:\/\/personalcare.cl\/?page_id=92"},"modified":"2025-10-27T15:08:47","modified_gmt":"2025-10-27T15:08:47","slug":"home","status":"publish","type":"page","link":"https:\/\/personalcare.cl\/","title":{"rendered":"Home"},"content":{"rendered":"\n\n\n\n\n\n\nPersonalCare\u00ae Homekit\n<p>\u00a1Introdujimos los nuevos Kits de Primeros Auxilios HomeKit, la soluci\u00f3n perfecta para tratar accidentes y quemaduras comunes en casa o durante tus vacaciones!<br><br>\n\nEstos kits son vers\u00e1tiles y f\u00e1cilmente transportables, dise\u00f1ados para brindar tranquilidad en cualquier momento. <br><br>Contienen productos Burnshield de alta calidad para el tratamiento efectivo de heridas por quemaduras, refrescar la zona afectada y proporcionar alivio instant\u00e1neo al dolor.<br><br>\n\n\u00a1Ya disponibles en la Tienda Sagita! <br><\/p>\n\n\n\n\n\n\n\n\n\n\n\n\n\n\n\n\n\n\n\n\n\n\n<h3>Car\u00e1cteristicas<\/h3>\n\n\n<p class=\"texto-info-azul\">Los Kits HomeKit de PersonalCare\u00ae destacan por su dise\u00f1o compacto, perfecto para almacenar y transportar con total facilidad. Ahora, no tendr\u00e1s que sacrificar piezas y componentes esenciales, ya que todo lo que necesitas cabe en un pr\u00e1ctico y c\u00f3modo tama\u00f1o.<\/p>\n\n\n<p class=\"texto-info-rojo\">Descubre la eficacia de los Kits PersonalCare\u00ae que incluyen productos Burnshield\u00ae en formato sachet y compresas. Burnshield\u00ae no solo alivia el dolor sino que tambi\u00e9n desinfecta eficazmente las heridas, ofreci\u00e9ndote una soluci\u00f3n completa para el tratamiento de quemaduras.<\/p>\n\n\n<p class=\"texto-info-azul\">Los vers\u00e1tiles kits PersonalCare\u00ae est\u00e1n disponibles en estuche y banano, adapt\u00e1ndose perfectamente a cualquier situaci\u00f3n y haciendo que sean ideales para uso familiar. Descubre la comodidad y la practicidad en cada momento. \u00a1Prep\u00e1rate para cualquier situaci\u00f3n con PersonalCare\u00ae!<\/p>\n\n\n\n\n\n\n\n\n\n\n\n\n<p>HomeKit PersonalCare\u00ae est\u00e1 disponible en diversos formatos, cuidadosamente dise\u00f1ados para ser utilizados con facilidad tanto en el hogar como en salidas.\n<\/p>\n\n\n\n\n<h2>Nuestros Productos<\/h2>\n\n\n\n\n\n\n<h6>Para accidentes domesticos<\/h6>\n\n<h5>\u00bfQu\u00e9 contiene mi kit?<\/h5>\n\n\n<b>23 Piezas<\/b>\n<h4>Homekit\u00ae Basics<\/h4>\n<p>Descubre nuestro Kit de Primeros Auxilios, tu compa\u00f1ero indispensable para el cuidado de heridas y quemaduras.<\/p>\n\n\n\n\n\n\nCompresa Hidrogel Burnshield\nToalla Limpieza\nTela Adhesiva\nParche Curita\nSutura Cutanea\nGasa Esteril\nGu\u00eda de Bolsillo\n\n\n\n\n\n\n\n\n<h6>Para Salidas a exterior<\/h6>\n\n<h5>\u00bfQu\u00e9 contiene mi kit?<\/h5>\n\n\n<strong>21 Piezas<\/strong>\n<h4>Homekit\u00ae Banano<\/h4>\n<p>\u00a1El Kit de Primeros Auxilios perfecto para acompa\u00f1arte en tus salidas y vacaciones!<\/p>\n\n\n\n\n\n\nSachet Hidrogel\nHidrogel L\u00edquido\nHidrogel Compresa\n\u00c1posito Adhesivo\nParche Curita\nTela Adhesiva\nTijera Punta Redonda\n\n\n\n\nToallas Limpieza\nManta T\u00e9rmica\nMascarilla RCP\nGu\u00eda de Bolsillo\n\n\n\n\n\n\n\n\n\n<h6>Para accidentes domesticos<\/h6>\n\n<h5>\u00bfQu\u00e9 contiene mi kit?<\/h5>\n\n\n<strong>28 Piezas<\/strong>\n<h4>Homekit\u00ae Plus+<\/h4>\n<p>Kit avanzado de Primeros Auxilios dise\u00f1ado para ofrecer un cuidado excepcional en el tratamiento de heridas y quemaduras.<\/p>\n\n\n\n\n\n\nSachet Hidrogel 3.5 ml\nCompresa Hidrogel Burnshield\nGuantes de vinilo\nVenda El\u00e1stica\nToalla Desinfectante\nTela Adhesiva\nParche Curita\n\n\n\n\nSutura Cutanea\nGasa Esteril\nTijera&nbsp;\nGu\u00eda de Bolsillo\n\n\n\n\n\n\n\n<h6>Para Salidas a exterior<\/h6>\n\n<h5>\u00bfQu\u00e9 contiene mi kit?<\/h5>\n\n\n<strong>18 Piezas<\/strong>\n<h4>BurnKit de Auto<\/h4>\n<p>Lleva contigo nuestro Kit Esencial de Primeros Auxilios y Quemaduras dise\u00f1ado para acompa\u00f1arte en todas tus salidas.<\/p><br>\n\n\n\n\n\n\nTijeras\nSachet Hidrogel\nHidrogel Compresa\nParche Curita\nGasas\nGu\u00eda de Bolsillo<br>\nToallas desinfectantes\n\n\n\n\n\n\n\n\n\n<h6>Para accidentes en el trabajo<\/h6>\n\n<h5>\u00bfQu\u00e9 contiene mi kit?<\/h5>\n\n\n<b>10 Personas<\/b>\n<h4>Botiqu\u00edn Profesional para 10 personas<\/h4>\n<p>Botiqu\u00edn profesional para hasta 10 personas, con todos los suministros esenciales para tratar emergencias m\u00e9dicas y accidentes en peque\u00f1os grupos.<\/p>\n\n\n\n\n\n\nCompresa Hidrogel Burnshield\nToalla Limpieza\nTela Adhesiva\nParche Curita\nSutura Cutanea\nGasa Esteril\nGu\u00eda de Bolsillo\n\n\n\n\nVendas\nGuantes de Vinilo\nTijeras\nManta t\u00e9rmica\nSuero fisiologico\nBroches para vendas\nCinta adhesiva\n\n\n\n\n\n\n\n\n<h6>Para accidentes en el trabajo<\/h6>\n\n<h5>\u00bfQu\u00e9 contiene mi kit?<\/h5>\n\n\n<strong>25 Personas<\/strong>\n<h4>Botiqu\u00edn Profesional para 25 personas<\/h4>\n<p>Botiqu\u00edn profesional para hasta 25 personas, adecuado para entornos laborales o peque\u00f1os eventos. Incluye productos para lesiones comunes y emergencias.<\/p>\n\n\n\n\n\n\nCompresa Hidrogel Burnshield\nToalla Limpieza\nTela Adhesiva\nParche Curita\nSutura Cutanea\nGasa Esteril\nGu\u00eda de Bolsillo\n\n\n\n\nVendas\nGuantes de Vinilo\nTijeras\nManta t\u00e9rmica\nSuero fisiologico\nBroches para vendas\nCinta adhesiva\n\n\n\n\n\n\n\n\n\n<h6>Para accidentes en el trabajo<\/h6>\n\n<h5>\u00bfQu\u00e9 contiene mi kit?<\/h5>\n\n\n<strong>50 Personas<\/strong>\n<h4>Botiqu\u00edn Profesional para 50 personas<\/h4>\n<p>Botiqu\u00edn profesional para hasta 50 personas, adecuado para entornos laborales grandes o eventos concurridos. Incluye productos para tratar lesiones comunes y emergencias.<\/p>\n\n\n\n\n\n\nCompresa Hidrogel Burnshield\nToalla Limpieza\nTela Adhesiva\nParche Curita\nSutura Cutanea\nGasa Esteril\nGu\u00eda de Bolsillo\n\n\n\n\nVendas\nGuantes de Vinilo\nTijeras\nManta t\u00e9rmica\nSuero fisiologico\nBroches para vendas\nCinta adhesiva\n\n\n\n\n\n\n\n<h6>Para accidentes en el trabajo<\/h6>\n\n<h5>\u00bfQu\u00e9 contiene mi kit?<\/h5>\n\n\n<strong>100 Personas<\/strong>\n<h4>Botiqu\u00edn Profesional para 100 personas<\/h4>\n<p>Botiqu\u00edn de grandes dimensiones para hasta 100 personas, con un completo conjunto de suministros para tratar accidentes graves y emergencias en entornos industriales o grandes eventos<\/p>\n\n\n\n\n\n\nCompresa Hidrogel Burnshield\nToalla Limpieza\nTela Adhesiva\nParche Curita\nSutura Cutanea\nGasa Esteril\nGu\u00eda de Bolsillo\n\n\n\n\nVendas\nGuantes de Vinilo\nTijeras\nManta t\u00e9rmica\nSuero fisiologico\nBroches para vendas\nCinta adhesiva\n\n\n\n\n\n\n\n\n\n<h6>En caso de quemaduras<\/h6>\n\n<h5>Tama\u00f1os disponibles<\/h5>\n\n\n<strong>Compresas<\/strong>\n<h4>Compresas de Hidrogel Burnshield<\/h4>\n<p>Una quemadura es una lesi\u00f3n \u00fanica; una de las m\u00e1s graves y dolorosas imaginables. Burnshield\u00ae, productos de cuidado para la emergencia prev\u00e9n la atenci\u00f3n inmediata de las lesiones por quemaduras.<\/p>\n\n\n\n\n\n\n10&#215;10 cms\n20&#215;20 cms\n20&#215;45 cms\n60&#215;40 cms\nCompresa dedos 2,5&#215;50 cms\nCompresa facial 20&#215;45 cms\n\n\n\n\n\n\n\n\n\n<h6>En caso de quemaduras<\/h6>\n\n<h5>Formatos disponibles<\/h5>\n\n\n<strong>Hidrogeles<\/strong>\n<h4>Hidrogel L\u00edquido Burnshield<\/h4>\n<p>Una quemadura es una lesi\u00f3n \u00fanica; una de las m\u00e1s graves y dolorosas imaginables. Burnshield\u00ae, productos de cuidado para la emergencia prev\u00e9n la atenci\u00f3n inmediata de las lesiones por quemaduras.<\/p>\n\n\n\n\n\n\nSachet 3.5 ml\n25 ml\n50 ml\n125 ml\n\n\n\n\n\n\n\n\n\n\n\n\n\n\n\n<p>Los productos PersonalCare\u00ae incluyen compresas y sachets de hidrogel Burnshield\u00ae para calmar las quemaduras leves.<\/p>\n\n\n\n\n\n<h2>Instrucciones de uso de productos Burnshield\u00ae<\/h2>\n\n\n<h3>Compresas<\/h3>\n\n\n\n\n\n<h5>Abrir el envoltorio<\/h5>\n\n\n\n<h5>Sacar compresa del envoltorio<\/h5>\n\n\n\n\n\n<h5>Aplicar en \u00e1rea quemada<\/h5>\n\n\n\n<h5>Envolver con vendaje no adherente<\/h5>\n\n\n\n\n<h3>Hidrogel<\/h3>\n\n\n\n\n\n<h5>Aplicar hidrogel Bunrshield\u00ae sobre \u00e1rea quemada<\/h5>\n\n\n\n<h5>Envolver con vendaje no adherente<\/h5>\n\n\n\n\n\n\n\n\n\n\n<h6>\u00a1Cont\u00e1ctanos!<\/h6>\n\n\n\n\n<h3>\u00bfNecesita m\u00e1s informaci\u00f3n?<\/h3>\n<p>Cont\u00e1ctanos para recibir informaci\u00f3n \u00fatil sobre primeros auxilios.\n\u00a1Prep\u00e1rate para actuar con seguridad en una emergencia!<\/p>\n\n\n\n\n\n\n\n\n\n\n\n","protected":false},"excerpt":{"rendered":"","protected":false},"author":1,"featured_media":0,"parent":0,"menu_order":0,"comment_status":"closed","ping_status":"closed","template":"","meta":{"pagelayer_contact_templates":[],"_pagelayer_content":"","footnotes":""},"class_list":["post-92","page","type-page","status-publish","hentry"],"_links":{"self":[{"href":"https:\/\/personalcare.cl\/index.php?rest_route=\/wp\/v2\/pages\/92","targetHints":{"allow":["GET"]}}],"collection":[{"href":"https:\/\/personalcare.cl\/index.php?rest_route=\/wp\/v2\/pages"}],"about":[{"href":"https:\/\/personalcare.cl\/index.php?rest_route=\/wp\/v2\/types\/page"}],"author":[{"embeddable":true,"href":"https:\/\/personalcare.cl\/index.php?rest_route=\/wp\/v2\/users\/1"}],"replies":[{"embeddable":true,"href":"https:\/\/personalcare.cl\/index.php?rest_route=%2Fwp%2Fv2%2Fcomments&post=92"}],"version-history":[{"count":1168,"href":"https:\/\/personalcare.cl\/index.php?rest_route=\/wp\/v2\/pages\/92\/revisions"}],"predecessor-version":[{"id":0,"href":"https:\/\/personalcare.cl\/index.php?rest_route=\/wp\/v2\/pages\/92\/revisions\/0"}],"wp:attachment":[{"href":"https:\/\/personalcare.cl\/index.php?rest_route=%2Fwp%2Fv2%2Fmedia&parent=92"}],"curies":[{"name":"wp","href":"https:\/\/api.w.org\/{rel}","templated":true}]}}